{"id":2983,"date":"2019-04-26T21:32:59","date_gmt":"2019-04-26T21:32:59","guid":{"rendered":"https:\/\/www.lefkadablue.gr\/lefkada\/daily-cruises-lefkada\/"},"modified":"2019-12-04T19:28:58","modified_gmt":"2019-12-04T19:28:58","slug":"crociere-giornaliere-lefkada","status":"publish","type":"page","link":"https:\/\/www.lefkadablue.gr\/it\/lefkada\/crociere-giornaliere-lefkada\/","title":{"rendered":"Crociere giornaliere Lefkada"},"content":{"rendered":"\t\t<div data-elementor-type=\"wp-post\" data-elementor-id=\"2983\" class=\"elementor elementor-2983 elementor-2484\">\n\t\t\t\t\t\t<div class=\"elementor-inner\">\n\t\t\t\t<div class=\"elementor-section-wrap\">\n\t\t\t\t\t\t\t\t\t<section class=\"elementor-section elementor-top-section elementor-element elementor-element-19dc60d elementor-section-boxed elementor-section-height-default elementor-section-height-default\" data-id=\"19dc60d\" data-element_type=\"section\">\n\t\t\t\t\t\t<div class=\"elementor-container elementor-column-gap-default\">\n\t\t\t\t\t\t\t<div class=\"elementor-row\">\n\t\t\t\t\t<div class=\"elementor-column elementor-col-100 elementor-top-column elementor-element elementor-element-36a3b01\" data-id=\"36a3b01\" data-element_type=\"column\">\n\t\t\t<div class=\"elementor-column-wrap elementor-element-populated\">\n\t\t\t\t\t\t\t<div class=\"elementor-widget-wrap\">\n\t\t\t\t\t\t<div class=\"elementor-element elementor-element-7a21802 elementor-widget elementor-widget-heading\" data-id=\"7a21802\" data-element_type=\"widget\" data-widget_type=\"heading.default\">\n\t\t\t\t<div class=\"elementor-widget-container\">\n\t\t\t<h1 class=\"elementor-heading-title elementor-size-default\">Crociere giornaliere Lefkada<\/h1>\t\t<\/div>\n\t\t\t\t<\/div>\n\t\t\t\t\t\t<\/div>\n\t\t\t\t\t<\/div>\n\t\t<\/div>\n\t\t\t\t\t\t\t\t<\/div>\n\t\t\t\t\t<\/div>\n\t\t<\/section>\n\t\t\t\t<section class=\"elementor-section elementor-top-section elementor-element elementor-element-fc0c37a elementor-section-boxed elementor-section-height-default elementor-section-height-default\" data-id=\"fc0c37a\" data-element_type=\"section\">\n\t\t\t\t\t\t<div class=\"elementor-container elementor-column-gap-default\">\n\t\t\t\t\t\t\t<div class=\"elementor-row\">\n\t\t\t\t\t<div class=\"elementor-column elementor-col-100 elementor-top-column elementor-element elementor-element-aecc635\" data-id=\"aecc635\" data-element_type=\"column\">\n\t\t\t<div class=\"elementor-column-wrap elementor-element-populated\">\n\t\t\t\t\t\t\t<div class=\"elementor-widget-wrap\">\n\t\t\t\t\t\t<div class=\"elementor-element elementor-element-6a93f3b elementor-widget elementor-widget-text-editor\" data-id=\"6a93f3b\" data-element_type=\"widget\" data-widget_type=\"text-editor.default\">\n\t\t\t\t<div class=\"elementor-widget-container\">\n\t\t\t\t\t\t\t\t<div class=\"elementor-text-editor elementor-clearfix\">\n\t\t\t\t<p>PORTO KATSIKI &amp; EGREMNI<\/p><p>Visitiamo le pi\u00f9 belle e famose spiagge sabbiose dello Ionio, Porto Katsiki ed Egremni, per una fantastica sosta per nuotare nelle sue acque cristalline.<\/p><p>CEFALONIA<\/p><p>Indimenticabile sar\u00e0 la nostra visita a Fiskardo, che \u00e8 considerato il diamante dello Ionio. Fiskardo si trova nella parte settentrionale dell&#8217;isola, \u00e8 l&#8217;unico villaggio che non \u00e8 stato distrutto dal catastrofico terremoto del 1953. Fermati per pranzo e nuoto.<\/p><p>ITHACA<\/p><p>Le spiagge naturali, la tradizione, i paesaggi spettacolari, la dolcezza e l&#8217;atteggiamento affettuoso dei suoi abitanti, \u00e8 ci\u00f2 che render\u00e0 la tua visita all&#8217;isola di Odysseys un&#8217;esperienza davvero indimenticabile. Fermati per un caff\u00e8, una pausa e il tempo libero.<\/p><p>Meganisi<\/p><p>La grotta di Papanikolis situata sul lato occidentale di Meganisi, utilizzata dal capitano Latridis come nascondiglio per il suo sottomarino, durante la seconda guerra mondiale.<\/p><p>SCORPIOS-SPARTA-KASTRI<\/p><p>Naviga intorno alle tre isole di Onassis e fermati per un bagno pomeridiano unico sulla spiaggia dello Scorpione.<\/p><p>Madouri<\/p><p>L&#8217;isola fa parte della storia greca, poich\u00e9 qui nacque e cresciuto il grande poeta Aristotelis Valaoritis, i cui pronipoti Manos Valaoritis ed Eleni Karapanayioti ereditarono Madouri.<\/p>\t\t\t\t\t<\/div>\n\t\t\t\t\t\t<\/div>\n\t\t\t\t<\/div>\n\t\t\t\t\t\t<\/div>\n\t\t\t\t\t<\/div>\n\t\t<\/div>\n\t\t\t\t\t\t\t\t<\/div>\n\t\t\t\t\t<\/div>\n\t\t<\/section>\n\t\t\t\t<section class=\"elementor-section elementor-top-section elementor-element elementor-element-ca3c583 elementor-section-boxed elementor-section-height-default elementor-section-height-default\" data-id=\"ca3c583\" data-element_type=\"section\">\n\t\t\t\t\t\t<div class=\"elementor-container elementor-column-gap-default\">\n\t\t\t\t\t\t\t<div class=\"elementor-row\">\n\t\t\t\t\t<div class=\"elementor-column elementor-col-100 elementor-top-column elementor-element elementor-element-2303bcd\" data-id=\"2303bcd\" data-element_type=\"column\">\n\t\t\t<div class=\"elementor-column-wrap elementor-element-populated\">\n\t\t\t\t\t\t\t<div class=\"elementor-widget-wrap\">\n\t\t\t\t\t\t<div class=\"elementor-element elementor-element-7489781 elementor-hidden-phone elementor-widget elementor-widget-image\" data-id=\"7489781\" data-element_type=\"widget\" data-widget_type=\"image.default\">\n\t\t\t\t<div class=\"elementor-widget-container\">\n\t\t\t\t\t\t\t\t<div class=\"elementor-image\">\n\t\t\t\t\t\t\t\t\t\t\t\t<img width=\"1024\" height=\"683\" src=\"https:\/\/www.lefkadablue.gr\/wp-content\/uploads\/2019\/04\/lefkascruises-seven-islands-cruises-daily-cruises-lefkada-makedonia-palace-2017-10-1024x683.jpg\" class=\"attachment-large size-large\" alt=\"Lefkada Blue - Daily Cruises Lefkada\" loading=\"lazy\" srcset=\"https:\/\/www.lefkadablue.gr\/wp-content\/uploads\/2019\/04\/lefkascruises-seven-islands-cruises-daily-cruises-lefkada-makedonia-palace-2017-10-1024x683.jpg 1024w, https:\/\/www.lefkadablue.gr\/wp-content\/uploads\/2019\/04\/lefkascruises-seven-islands-cruises-daily-cruises-lefkada-makedonia-palace-2017-10-300x200.jpg 300w, https:\/\/www.lefkadablue.gr\/wp-content\/uploads\/2019\/04\/lefkascruises-seven-islands-cruises-daily-cruises-lefkada-makedonia-palace-2017-10-768x512.jpg 768w, https:\/\/www.lefkadablue.gr\/wp-content\/uploads\/2019\/04\/lefkascruises-seven-islands-cruises-daily-cruises-lefkada-makedonia-palace-2017-10-700x466.jpg 700w, https:\/\/www.lefkadablue.gr\/wp-content\/uploads\/2019\/04\/lefkascruises-seven-islands-cruises-daily-cruises-lefkada-makedonia-palace-2017-10-440x293.jpg 440w, https:\/\/www.lefkadablue.gr\/wp-content\/uploads\/2019\/04\/lefkascruises-seven-islands-cruises-daily-cruises-lefkada-makedonia-palace-2017-10.jpg 1920w\" sizes=\"(max-width: 1024px) 100vw, 1024px\" \/>\t\t\t\t\t\t\t\t\t\t\t\t\t\t<\/div>\n\t\t\t\t\t\t<\/div>\n\t\t\t\t<\/div>\n\t\t\t\t\t\t<\/div>\n\t\t\t\t\t<\/div>\n\t\t<\/div>\n\t\t\t\t\t\t\t\t<\/div>\n\t\t\t\t\t<\/div>\n\t\t<\/section>\n\t\t\t\t<section class=\"elementor-section elementor-top-section elementor-element elementor-element-7c8221e elementor-section-boxed elementor-section-height-default elementor-section-height-default\" data-id=\"7c8221e\" data-element_type=\"section\">\n\t\t\t\t\t\t<div class=\"elementor-container elementor-column-gap-default\">\n\t\t\t\t\t\t\t<div class=\"elementor-row\">\n\t\t\t\t\t<div class=\"elementor-column elementor-col-100 elementor-top-column elementor-element elementor-element-1c6aeaa\" data-id=\"1c6aeaa\" data-element_type=\"column\">\n\t\t\t<div class=\"elementor-column-wrap elementor-element-populated\">\n\t\t\t\t\t\t\t<div class=\"elementor-widget-wrap\">\n\t\t\t\t\t\t<div class=\"elementor-element elementor-element-5063431 elementor-hidden-desktop elementor-hidden-tablet elementor-widget elementor-widget-image\" data-id=\"5063431\" data-element_type=\"widget\" data-widget_type=\"image.default\">\n\t\t\t\t<div class=\"elementor-widget-container\">\n\t\t\t\t\t\t\t\t<div class=\"elementor-image\">\n\t\t\t\t\t\t\t\t\t\t\t\t<img width=\"300\" height=\"200\" src=\"https:\/\/www.lefkadablue.gr\/wp-content\/uploads\/2019\/04\/lefkascruises-seven-islands-cruises-daily-cruises-lefkada-makedonia-palace-2017-10-300x200.jpg\" class=\"attachment-medium size-medium\" alt=\"Lefkada Blue - Daily Cruises Lefkada\" loading=\"lazy\" srcset=\"https:\/\/www.lefkadablue.gr\/wp-content\/uploads\/2019\/04\/lefkascruises-seven-islands-cruises-daily-cruises-lefkada-makedonia-palace-2017-10-300x200.jpg 300w, https:\/\/www.lefkadablue.gr\/wp-content\/uploads\/2019\/04\/lefkascruises-seven-islands-cruises-daily-cruises-lefkada-makedonia-palace-2017-10-768x512.jpg 768w, https:\/\/www.lefkadablue.gr\/wp-content\/uploads\/2019\/04\/lefkascruises-seven-islands-cruises-daily-cruises-lefkada-makedonia-palace-2017-10-1024x683.jpg 1024w, https:\/\/www.lefkadablue.gr\/wp-content\/uploads\/2019\/04\/lefkascruises-seven-islands-cruises-daily-cruises-lefkada-makedonia-palace-2017-10-700x466.jpg 700w, https:\/\/www.lefkadablue.gr\/wp-content\/uploads\/2019\/04\/lefkascruises-seven-islands-cruises-daily-cruises-lefkada-makedonia-palace-2017-10-440x293.jpg 440w, https:\/\/www.lefkadablue.gr\/wp-content\/uploads\/2019\/04\/lefkascruises-seven-islands-cruises-daily-cruises-lefkada-makedonia-palace-2017-10.jpg 1920w\" sizes=\"(max-width: 300px) 100vw, 300px\" \/>\t\t\t\t\t\t\t\t\t\t\t\t\t\t<\/div>\n\t\t\t\t\t\t<\/div>\n\t\t\t\t<\/div>\n\t\t\t\t\t\t<\/div>\n\t\t\t\t\t<\/div>\n\t\t<\/div>\n\t\t\t\t\t\t\t\t<\/div>\n\t\t\t\t\t<\/div>\n\t\t<\/section>\n\t\t\t\t<section class=\"elementor-section elementor-top-section elementor-element elementor-element-fb86c5f elementor-section-boxed elementor-section-height-default elementor-section-height-default\" data-id=\"fb86c5f\" data-element_type=\"section\">\n\t\t\t\t\t\t<div class=\"elementor-container elementor-column-gap-default\">\n\t\t\t\t\t\t\t<div class=\"elementor-row\">\n\t\t\t\t\t<div class=\"elementor-column elementor-col-100 elementor-top-column elementor-element elementor-element-8ae91b0\" data-id=\"8ae91b0\" data-element_type=\"column\">\n\t\t\t<div class=\"elementor-column-wrap elementor-element-populated\">\n\t\t\t\t\t\t\t<div class=\"elementor-widget-wrap\">\n\t\t\t\t\t\t<div class=\"elementor-element elementor-element-fee9cb1 elementor-widget elementor-widget-heading\" data-id=\"fee9cb1\" data-element_type=\"widget\" data-widget_type=\"heading.default\">\n\t\t\t\t<div class=\"elementor-widget-container\">\n\t\t\t<h2 class=\"elementor-heading-title elementor-size-default\">Book your ticket here!<\/h2>\t\t<\/div>\n\t\t\t\t<\/div>\n\t\t\t\t<div class=\"elementor-element elementor-element-5f74f56 elementor-widget elementor-widget-text-editor\" data-id=\"5f74f56\" data-element_type=\"widget\" data-widget_type=\"text-editor.default\">\n\t\t\t\t<div class=\"elementor-widget-container\">\n\t\t\t\t\t\t\t\t<div class=\"elementor-text-editor elementor-clearfix\">\n\t\t\t\t<p><div role=\"form\" class=\"wpcf7\" id=\"wpcf7-f2845-o1\" lang=\"en-US\" dir=\"ltr\">\n<div class=\"screen-reader-response\"><p role=\"status\" aria-live=\"polite\" aria-atomic=\"true\"><\/p> <ul><\/ul><\/div>\n<form action=\"\/it\/wp-json\/wp\/v2\/pages\/2983#wpcf7-f2845-o1\" method=\"post\" class=\"wpcf7-form init\" novalidate=\"novalidate\" data-status=\"init\">\n<div style=\"display: none;\">\n<input type=\"hidden\" name=\"_wpcf7\" value=\"2845\" \/>\n<input type=\"hidden\" name=\"_wpcf7_version\" value=\"5.5.6.1\" \/>\n<input type=\"hidden\" name=\"_wpcf7_locale\" value=\"en_US\" \/>\n<input type=\"hidden\" name=\"_wpcf7_unit_tag\" value=\"wpcf7-f2845-o1\" \/>\n<input type=\"hidden\" name=\"_wpcf7_container_post\" value=\"0\" \/>\n<input type=\"hidden\" name=\"_wpcf7_posted_data_hash\" value=\"\" \/>\n<input type=\"hidden\" name=\"_wpcf7_recaptcha_response\" value=\"\" \/>\n<\/div>\n<p>Your Name (required)<br \/>\n    <span class=\"wpcf7-form-control-wrap your-name\"><input type=\"text\" name=\"your-name\" value=\"\" size=\"40\" class=\"wpcf7-form-control wpcf7-text wpcf7-validates-as-required\" aria-required=\"true\" aria-invalid=\"false\" \/><\/span> <\/p>\n<p>Your Email (required)<br \/>\n    <span class=\"wpcf7-form-control-wrap your-email\"><input type=\"email\" name=\"your-email\" value=\"\" size=\"40\" class=\"wpcf7-form-control wpcf7-text wpcf7-email wpcf7-validates-as-required wpcf7-validates-as-email\" aria-required=\"true\" aria-invalid=\"false\" \/><\/span> <\/p>\n<p>Number of Adults (required)<br \/>\n    <span class=\"wpcf7-form-control-wrap number-adults\"><input type=\"text\" name=\"number-adults\" value=\"\" size=\"40\" class=\"wpcf7-form-control wpcf7-text wpcf7-validates-as-required\" aria-required=\"true\" aria-invalid=\"false\" \/><\/span> <\/p>\n<p>Number of Children and age(required)<br \/>\n    <span class=\"wpcf7-form-control-wrap number-children\"><input type=\"text\" name=\"number-children\" value=\"\" size=\"40\" class=\"wpcf7-form-control wpcf7-text wpcf7-validates-as-required\" aria-required=\"true\" aria-invalid=\"false\" \/><\/span> <\/p>\n<p>Select date of cruise<br \/>\n     <span class=\"wpcf7-form-control-wrap date-646\"><input type=\"date\" name=\"date-646\" value=\"\" class=\"wpcf7-form-control wpcf7-date wpcf7-validates-as-required wpcf7-validates-as-date\" aria-required=\"true\" aria-invalid=\"false\" \/><\/span><\/p>\n<p>Subject<br \/>\n    <span class=\"wpcf7-form-control-wrap your-subject\"><input type=\"text\" name=\"your-subject\" value=\"Daily Cruise\" size=\"40\" class=\"wpcf7-form-control wpcf7-text\" aria-invalid=\"false\" \/><\/span> <\/p>\n<p>Your Message<br \/>\n    <span class=\"wpcf7-form-control-wrap your-message\"><textarea name=\"your-message\" cols=\"40\" rows=\"10\" class=\"wpcf7-form-control wpcf7-textarea\" aria-invalid=\"false\"><\/textarea><\/span> <\/p>\n<p><span class=\"wpcf7-form-control-wrap radio-964\"><span class=\"wpcf7-form-control wpcf7-radio\"><span class=\"wpcf7-list-item first\"><input type=\"radio\" name=\"radio-964\" value=\"(GDPR) Keep My Data\" checked=\"checked\" \/><span class=\"wpcf7-list-item-label\">(GDPR) Keep My Data<\/span><\/span><span class=\"wpcf7-list-item last\"><input type=\"radio\" name=\"radio-964\" value=\"(GDPR) Not Keep My Data\" \/><span class=\"wpcf7-list-item-label\">(GDPR) Not Keep My Data<\/span><\/span><\/span><\/span><\/p>\n<p><input type=\"submit\" value=\"Send\" class=\"wpcf7-form-control has-spinner wpcf7-submit\" \/><\/p>\n<div class=\"wpcf7-response-output\" aria-hidden=\"true\"><\/div><\/form><\/div><\/p>\t\t\t\t\t<\/div>\n\t\t\t\t\t\t<\/div>\n\t\t\t\t<\/div>\n\t\t\t\t\t\t<\/div>\n\t\t\t\t\t<\/div>\n\t\t<\/div>\n\t\t\t\t\t\t\t\t<\/div>\n\t\t\t\t\t<\/div>\n\t\t<\/section>\n\t\t\t\t\t\t\t\t\t<\/div>\n\t\t\t<\/div>\n\t\t\t\t\t<\/div>\n\t\t","protected":false},"excerpt":{"rendered":"<p>Crociere giornaliere Lefkada PORTO KATSIKI &amp; EGREMNI Visitiamo le pi\u00f9 belle e famose spiagge sabbiose dello Ionio, Porto Katsiki ed Egremni, per una fantastica sosta per nuotare nelle sue acque cristalline. CEFALONIA Indimenticabile sar\u00e0 la nostra visita a Fiskardo, che [&hellip;]<\/p>\n","protected":false},"author":1,"featured_media":2984,"parent":2971,"menu_order":0,"comment_status":"closed","ping_status":"closed","template":"","meta":[],"yoast_head":"<!-- This site is optimized with the Yoast SEO plugin v19.0 - https:\/\/yoast.com\/wordpress\/plugins\/seo\/ -->\n<title>Crociere giornaliere Lefkada | Lefkada Blue\u2122 Appartamenti &amp; Camere Lefkas | Lefkada Rooms to Let<\/title>\n<meta name=\"description\" content=\"Crociere giornaliere Lefkada visita le pi\u00f9 belle e famose spiagge sabbiose dello Ionio, Porto Katsiki ed Egremni, per una fantastica sosta per nuotare.\" \/>\n<meta name=\"robots\" content=\"index, follow, max-snippet:-1, max-image-preview:large, max-video-preview:-1\" \/>\n<link rel=\"canonical\" href=\"https:\/\/www.lefkadablue.gr\/it\/lefkada\/crociere-giornaliere-lefkada\/\" \/>\n<meta property=\"og:locale\" content=\"it_IT\" \/>\n<meta property=\"og:type\" content=\"article\" \/>\n<meta property=\"og:title\" content=\"Crociere giornaliere Lefkada | Lefkada Blue\u2122 Appartamenti &amp; Camere Lefkas | Lefkada Rooms to Let\" \/>\n<meta property=\"og:description\" content=\"Crociere giornaliere Lefkada visita le pi\u00f9 belle e famose spiagge sabbiose dello Ionio, Porto Katsiki ed Egremni, per una fantastica sosta per nuotare.\" \/>\n<meta property=\"og:url\" content=\"https:\/\/www.lefkadablue.gr\/it\/lefkada\/crociere-giornaliere-lefkada\/\" \/>\n<meta property=\"og:site_name\" content=\"Lefkada Blue\u2122 Appartamenti &amp; Camere Lefkas | Lefkada Rooms to Let\" \/>\n<meta property=\"article:modified_time\" content=\"2019-12-04T19:28:58+00:00\" \/>\n<meta property=\"og:image\" content=\"https:\/\/www.lefkadablue.gr\/wp-content\/uploads\/2019\/04\/lefkascruises-seven-islands-cruises-daily-cruises-lefkada-makedonia-palace-2017-10.jpg\" \/>\n\t<meta property=\"og:image:width\" content=\"1920\" \/>\n\t<meta property=\"og:image:height\" content=\"1280\" \/>\n\t<meta property=\"og:image:type\" content=\"image\/jpeg\" \/>\n<meta name=\"twitter:card\" content=\"summary_large_image\" \/>\n<meta name=\"twitter:label1\" content=\"Tempo di lettura stimato\" \/>\n\t<meta name=\"twitter:data1\" content=\"1 minuto\" \/>\n<script type=\"application\/ld+json\" class=\"yoast-schema-graph\">{\"@context\":\"https:\/\/schema.org\",\"@graph\":[{\"@type\":\"Organization\",\"@id\":\"https:\/\/www.lefkadablue.gr\/#organization\",\"name\":\"Lefkada Blue\",\"url\":\"https:\/\/www.lefkadablue.gr\/\",\"sameAs\":[],\"logo\":{\"@type\":\"ImageObject\",\"inLanguage\":\"it-IT\",\"@id\":\"https:\/\/www.lefkadablue.gr\/#\/schema\/logo\/image\/\",\"url\":\"\",\"contentUrl\":\"\",\"caption\":\"Lefkada Blue\"},\"image\":{\"@id\":\"https:\/\/www.lefkadablue.gr\/#\/schema\/logo\/image\/\"}},{\"@type\":\"WebSite\",\"@id\":\"https:\/\/www.lefkadablue.gr\/#website\",\"url\":\"https:\/\/www.lefkadablue.gr\/\",\"name\":\"Lefkada Blue Rooms &amp; Apartments at Lefkada Greece | Best Price Guarantee\",\"description\":\"Lefkada Blue\u2122 Appartamenti & Camere Lefkas | Lefkada Rooms to Let\",\"publisher\":{\"@id\":\"https:\/\/www.lefkadablue.gr\/#organization\"},\"potentialAction\":[{\"@type\":\"SearchAction\",\"target\":{\"@type\":\"EntryPoint\",\"urlTemplate\":\"https:\/\/www.lefkadablue.gr\/?s={search_term_string}\"},\"query-input\":\"required name=search_term_string\"}],\"inLanguage\":\"it-IT\"},{\"@type\":\"ImageObject\",\"inLanguage\":\"it-IT\",\"@id\":\"https:\/\/www.lefkadablue.gr\/it\/lefkada\/crociere-giornaliere-lefkada\/#primaryimage\",\"url\":\"https:\/\/www.lefkadablue.gr\/wp-content\/uploads\/2019\/04\/lefkascruises-seven-islands-cruises-daily-cruises-lefkada-makedonia-palace-2017-10.jpg\",\"contentUrl\":\"https:\/\/www.lefkadablue.gr\/wp-content\/uploads\/2019\/04\/lefkascruises-seven-islands-cruises-daily-cruises-lefkada-makedonia-palace-2017-10.jpg\",\"width\":1920,\"height\":1280,\"caption\":\"Lefkada Blue - Daily Cruises Lefkada\"},{\"@type\":\"WebPage\",\"@id\":\"https:\/\/www.lefkadablue.gr\/it\/lefkada\/crociere-giornaliere-lefkada\/#webpage\",\"url\":\"https:\/\/www.lefkadablue.gr\/it\/lefkada\/crociere-giornaliere-lefkada\/\",\"name\":\"Crociere giornaliere Lefkada | Lefkada Blue\u2122 Appartamenti & Camere Lefkas | Lefkada Rooms to Let\",\"isPartOf\":{\"@id\":\"https:\/\/www.lefkadablue.gr\/#website\"},\"primaryImageOfPage\":{\"@id\":\"https:\/\/www.lefkadablue.gr\/it\/lefkada\/crociere-giornaliere-lefkada\/#primaryimage\"},\"datePublished\":\"2019-04-26T21:32:59+00:00\",\"dateModified\":\"2019-12-04T19:28:58+00:00\",\"description\":\"Crociere giornaliere Lefkada visita le pi\u00f9 belle e famose spiagge sabbiose dello Ionio, Porto Katsiki ed Egremni, per una fantastica sosta per nuotare.\",\"breadcrumb\":{\"@id\":\"https:\/\/www.lefkadablue.gr\/it\/lefkada\/crociere-giornaliere-lefkada\/#breadcrumb\"},\"inLanguage\":\"it-IT\",\"potentialAction\":[{\"@type\":\"ReadAction\",\"target\":[\"https:\/\/www.lefkadablue.gr\/it\/lefkada\/crociere-giornaliere-lefkada\/\"]}]},{\"@type\":\"BreadcrumbList\",\"@id\":\"https:\/\/www.lefkadablue.gr\/it\/lefkada\/crociere-giornaliere-lefkada\/#breadcrumb\",\"itemListElement\":[{\"@type\":\"ListItem\",\"position\":1,\"name\":\"Home\",\"item\":\"https:\/\/www.lefkadablue.gr\/it\/\"},{\"@type\":\"ListItem\",\"position\":2,\"name\":\"Lefkada\",\"item\":\"https:\/\/www.lefkadablue.gr\/it\/lefkada\/\"},{\"@type\":\"ListItem\",\"position\":3,\"name\":\"Crociere giornaliere Lefkada\"}]}]}<\/script>\n<!-- \/ Yoast SEO plugin. -->","yoast_head_json":{"title":"Crociere giornaliere Lefkada | Lefkada Blue\u2122 Appartamenti & Camere Lefkas | Lefkada Rooms to Let","description":"Crociere giornaliere Lefkada visita le pi\u00f9 belle e famose spiagge sabbiose dello Ionio, Porto Katsiki ed Egremni, per una fantastica sosta per nuotare.","robots":{"index":"index","follow":"follow","max-snippet":"max-snippet:-1","max-image-preview":"max-image-preview:large","max-video-preview":"max-video-preview:-1"},"canonical":"https:\/\/www.lefkadablue.gr\/it\/lefkada\/crociere-giornaliere-lefkada\/","og_locale":"it_IT","og_type":"article","og_title":"Crociere giornaliere Lefkada | Lefkada Blue\u2122 Appartamenti & Camere Lefkas | Lefkada Rooms to Let","og_description":"Crociere giornaliere Lefkada visita le pi\u00f9 belle e famose spiagge sabbiose dello Ionio, Porto Katsiki ed Egremni, per una fantastica sosta per nuotare.","og_url":"https:\/\/www.lefkadablue.gr\/it\/lefkada\/crociere-giornaliere-lefkada\/","og_site_name":"Lefkada Blue\u2122 Appartamenti & Camere Lefkas | Lefkada Rooms to Let","article_modified_time":"2019-12-04T19:28:58+00:00","og_image":[{"width":1920,"height":1280,"url":"https:\/\/www.lefkadablue.gr\/wp-content\/uploads\/2019\/04\/lefkascruises-seven-islands-cruises-daily-cruises-lefkada-makedonia-palace-2017-10.jpg","type":"image\/jpeg"}],"twitter_card":"summary_large_image","twitter_misc":{"Tempo di lettura stimato":"1 minuto"},"schema":{"@context":"https:\/\/schema.org","@graph":[{"@type":"Organization","@id":"https:\/\/www.lefkadablue.gr\/#organization","name":"Lefkada Blue","url":"https:\/\/www.lefkadablue.gr\/","sameAs":[],"logo":{"@type":"ImageObject","inLanguage":"it-IT","@id":"https:\/\/www.lefkadablue.gr\/#\/schema\/logo\/image\/","url":"","contentUrl":"","caption":"Lefkada Blue"},"image":{"@id":"https:\/\/www.lefkadablue.gr\/#\/schema\/logo\/image\/"}},{"@type":"WebSite","@id":"https:\/\/www.lefkadablue.gr\/#website","url":"https:\/\/www.lefkadablue.gr\/","name":"Lefkada Blue Rooms &amp; Apartments at Lefkada Greece | Best Price Guarantee","description":"Lefkada Blue\u2122 Appartamenti & Camere Lefkas | Lefkada Rooms to Let","publisher":{"@id":"https:\/\/www.lefkadablue.gr\/#organization"},"potentialAction":[{"@type":"SearchAction","target":{"@type":"EntryPoint","urlTemplate":"https:\/\/www.lefkadablue.gr\/?s={search_term_string}"},"query-input":"required name=search_term_string"}],"inLanguage":"it-IT"},{"@type":"ImageObject","inLanguage":"it-IT","@id":"https:\/\/www.lefkadablue.gr\/it\/lefkada\/crociere-giornaliere-lefkada\/#primaryimage","url":"https:\/\/www.lefkadablue.gr\/wp-content\/uploads\/2019\/04\/lefkascruises-seven-islands-cruises-daily-cruises-lefkada-makedonia-palace-2017-10.jpg","contentUrl":"https:\/\/www.lefkadablue.gr\/wp-content\/uploads\/2019\/04\/lefkascruises-seven-islands-cruises-daily-cruises-lefkada-makedonia-palace-2017-10.jpg","width":1920,"height":1280,"caption":"Lefkada Blue - Daily Cruises Lefkada"},{"@type":"WebPage","@id":"https:\/\/www.lefkadablue.gr\/it\/lefkada\/crociere-giornaliere-lefkada\/#webpage","url":"https:\/\/www.lefkadablue.gr\/it\/lefkada\/crociere-giornaliere-lefkada\/","name":"Crociere giornaliere Lefkada | Lefkada Blue\u2122 Appartamenti & Camere Lefkas | Lefkada Rooms to Let","isPartOf":{"@id":"https:\/\/www.lefkadablue.gr\/#website"},"primaryImageOfPage":{"@id":"https:\/\/www.lefkadablue.gr\/it\/lefkada\/crociere-giornaliere-lefkada\/#primaryimage"},"datePublished":"2019-04-26T21:32:59+00:00","dateModified":"2019-12-04T19:28:58+00:00","description":"Crociere giornaliere Lefkada visita le pi\u00f9 belle e famose spiagge sabbiose dello Ionio, Porto Katsiki ed Egremni, per una fantastica sosta per nuotare.","breadcrumb":{"@id":"https:\/\/www.lefkadablue.gr\/it\/lefkada\/crociere-giornaliere-lefkada\/#breadcrumb"},"inLanguage":"it-IT","potentialAction":[{"@type":"ReadAction","target":["https:\/\/www.lefkadablue.gr\/it\/lefkada\/crociere-giornaliere-lefkada\/"]}]},{"@type":"BreadcrumbList","@id":"https:\/\/www.lefkadablue.gr\/it\/lefkada\/crociere-giornaliere-lefkada\/#breadcrumb","itemListElement":[{"@type":"ListItem","position":1,"name":"Home","item":"https:\/\/www.lefkadablue.gr\/it\/"},{"@type":"ListItem","position":2,"name":"Lefkada","item":"https:\/\/www.lefkadablue.gr\/it\/lefkada\/"},{"@type":"ListItem","position":3,"name":"Crociere giornaliere Lefkada"}]}]}},"_links":{"self":[{"href":"https:\/\/www.lefkadablue.gr\/it\/wp-json\/wp\/v2\/pages\/2983"}],"collection":[{"href":"https:\/\/www.lefkadablue.gr\/it\/wp-json\/wp\/v2\/pages"}],"about":[{"href":"https:\/\/www.lefkadablue.gr\/it\/wp-json\/wp\/v2\/types\/page"}],"author":[{"embeddable":true,"href":"https:\/\/www.lefkadablue.gr\/it\/wp-json\/wp\/v2\/users\/1"}],"replies":[{"embeddable":true,"href":"https:\/\/www.lefkadablue.gr\/it\/wp-json\/wp\/v2\/comments?post=2983"}],"version-history":[{"count":2,"href":"https:\/\/www.lefkadablue.gr\/it\/wp-json\/wp\/v2\/pages\/2983\/revisions"}],"predecessor-version":[{"id":2986,"href":"https:\/\/www.lefkadablue.gr\/it\/wp-json\/wp\/v2\/pages\/2983\/revisions\/2986"}],"up":[{"embeddable":true,"href":"https:\/\/www.lefkadablue.gr\/it\/wp-json\/wp\/v2\/pages\/2971"}],"wp:featuredmedia":[{"embeddable":true,"href":"https:\/\/www.lefkadablue.gr\/it\/wp-json\/wp\/v2\/media\/2984"}],"wp:attachment":[{"href":"https:\/\/www.lefkadablue.gr\/it\/wp-json\/wp\/v2\/media?parent=2983"}],"curies":[{"name":"wp","href":"https:\/\/api.w.org\/{rel}","templated":true}]}}