{"id":2988,"date":"2019-05-11T16:01:17","date_gmt":"2019-05-11T16:01:17","guid":{"rendered":"https:\/\/www.lefkadablue.gr\/lefkada\/paragliding-lefkada\/"},"modified":"2019-12-04T19:30:15","modified_gmt":"2019-12-04T19:30:15","slug":"parapendio-lefkada","status":"publish","type":"page","link":"https:\/\/www.lefkadablue.gr\/it\/lefkada\/parapendio-lefkada\/","title":{"rendered":"Parapendio Lefkada"},"content":{"rendered":"\t\t<div data-elementor-type=\"wp-post\" data-elementor-id=\"2988\" class=\"elementor elementor-2988 elementor-2745\">\n\t\t\t\t\t\t<div class=\"elementor-inner\">\n\t\t\t\t<div class=\"elementor-section-wrap\">\n\t\t\t\t\t\t\t\t\t<section class=\"elementor-section elementor-top-section elementor-element elementor-element-775032b elementor-section-boxed elementor-section-height-default elementor-section-height-default\" data-id=\"775032b\" data-element_type=\"section\">\n\t\t\t\t\t\t<div class=\"elementor-container elementor-column-gap-default\">\n\t\t\t\t\t\t\t<div class=\"elementor-row\">\n\t\t\t\t\t<div class=\"elementor-column elementor-col-100 elementor-top-column elementor-element elementor-element-6451532\" data-id=\"6451532\" data-element_type=\"column\">\n\t\t\t<div class=\"elementor-column-wrap elementor-element-populated\">\n\t\t\t\t\t\t\t<div class=\"elementor-widget-wrap\">\n\t\t\t\t\t\t<div class=\"elementor-element elementor-element-df53cb9 elementor-widget elementor-widget-heading\" data-id=\"df53cb9\" data-element_type=\"widget\" data-widget_type=\"heading.default\">\n\t\t\t\t<div class=\"elementor-widget-container\">\n\t\t\t<h1 class=\"elementor-heading-title elementor-size-default\">Parapendio Lefkada<\/h1>\t\t<\/div>\n\t\t\t\t<\/div>\n\t\t\t\t\t\t<\/div>\n\t\t\t\t\t<\/div>\n\t\t<\/div>\n\t\t\t\t\t\t\t\t<\/div>\n\t\t\t\t\t<\/div>\n\t\t<\/section>\n\t\t\t\t<section class=\"elementor-section elementor-top-section elementor-element elementor-element-631a47d elementor-section-boxed elementor-section-height-default elementor-section-height-default\" data-id=\"631a47d\" data-element_type=\"section\">\n\t\t\t\t\t\t<div class=\"elementor-container elementor-column-gap-default\">\n\t\t\t\t\t\t\t<div class=\"elementor-row\">\n\t\t\t\t\t<div class=\"elementor-column elementor-col-100 elementor-top-column elementor-element elementor-element-5657d5f\" data-id=\"5657d5f\" data-element_type=\"column\">\n\t\t\t<div class=\"elementor-column-wrap elementor-element-populated\">\n\t\t\t\t\t\t\t<div class=\"elementor-widget-wrap\">\n\t\t\t\t\t\t<div class=\"elementor-element elementor-element-341e800 elementor-widget elementor-widget-text-editor\" data-id=\"341e800\" data-element_type=\"widget\" data-widget_type=\"text-editor.default\">\n\t\t\t\t<div class=\"elementor-widget-container\">\n\t\t\t\t\t\t\t\t<div class=\"elementor-text-editor elementor-clearfix\">\n\t\t\t\t<p>Sorvola Lefkada in parapendio. Puoi trovare punti di parapendio sulla spiaggia di Exantheia e Kathisma.<\/p><p>Da Exantheia volerai con destinazione la bellissima Kathisma Beach, una delle spiagge pi\u00f9 famose dell&#8217;isola. \u00c8 il viaggio stesso, tuttavia, che sar\u00e0 impresso nella tua memoria per sempre. Tutti i voli vengono effettuati in tandem con un istruttore esperto, quindi non \u00e8 necessario preoccuparsi. Tutto quello che devi fare \u00e8 rilassarti e goderti questa esperienza incomparabile.<\/p><p>Da Kathisma volerai dalla montagna lungo la meravigliosa spiaggia.<\/p>\t\t\t\t\t<\/div>\n\t\t\t\t\t\t<\/div>\n\t\t\t\t<\/div>\n\t\t\t\t\t\t<\/div>\n\t\t\t\t\t<\/div>\n\t\t<\/div>\n\t\t\t\t\t\t\t\t<\/div>\n\t\t\t\t\t<\/div>\n\t\t<\/section>\n\t\t\t\t<section class=\"elementor-section elementor-top-section elementor-element elementor-element-9146167 elementor-section-boxed elementor-section-height-default elementor-section-height-default\" data-id=\"9146167\" data-element_type=\"section\">\n\t\t\t\t\t\t<div class=\"elementor-container elementor-column-gap-default\">\n\t\t\t\t\t\t\t<div class=\"elementor-row\">\n\t\t\t\t\t<div class=\"elementor-column elementor-col-100 elementor-top-column elementor-element elementor-element-9f733f9\" data-id=\"9f733f9\" data-element_type=\"column\">\n\t\t\t<div class=\"elementor-column-wrap elementor-element-populated\">\n\t\t\t\t\t\t\t<div class=\"elementor-widget-wrap\">\n\t\t\t\t\t\t<div class=\"elementor-element elementor-element-9480353 elementor-widget elementor-widget-image\" data-id=\"9480353\" data-element_type=\"widget\" data-widget_type=\"image.default\">\n\t\t\t\t<div class=\"elementor-widget-container\">\n\t\t\t\t\t\t\t\t<div class=\"elementor-image\">\n\t\t\t\t\t\t\t\t\t\t\t\t<img width=\"770\" height=\"500\" src=\"https:\/\/www.lefkadablue.gr\/wp-content\/uploads\/2019\/05\/lefkadablue-lefkada-paragliding-2019.jpeg\" class=\"attachment-large size-large\" alt=\"Lefkada Blue - Paragliding Lefkada Kathisma\" loading=\"lazy\" srcset=\"https:\/\/www.lefkadablue.gr\/wp-content\/uploads\/2019\/05\/lefkadablue-lefkada-paragliding-2019.jpeg 770w, https:\/\/www.lefkadablue.gr\/wp-content\/uploads\/2019\/05\/lefkadablue-lefkada-paragliding-2019-300x195.jpeg 300w, https:\/\/www.lefkadablue.gr\/wp-content\/uploads\/2019\/05\/lefkadablue-lefkada-paragliding-2019-768x499.jpeg 768w, https:\/\/www.lefkadablue.gr\/wp-content\/uploads\/2019\/05\/lefkadablue-lefkada-paragliding-2019-440x286.jpeg 440w\" sizes=\"(max-width: 770px) 100vw, 770px\" \/>\t\t\t\t\t\t\t\t\t\t\t\t\t\t<\/div>\n\t\t\t\t\t\t<\/div>\n\t\t\t\t<\/div>\n\t\t\t\t\t\t<\/div>\n\t\t\t\t\t<\/div>\n\t\t<\/div>\n\t\t\t\t\t\t\t\t<\/div>\n\t\t\t\t\t<\/div>\n\t\t<\/section>\n\t\t\t\t\t\t\t\t\t<\/div>\n\t\t\t<\/div>\n\t\t\t\t\t<\/div>\n\t\t","protected":false},"excerpt":{"rendered":"<p>Parapendio Lefkada Sorvola Lefkada in parapendio. Puoi trovare punti di parapendio sulla spiaggia di Exantheia e Kathisma. Da Exantheia volerai con destinazione la bellissima Kathisma Beach, una delle spiagge pi\u00f9 famose dell&#8217;isola. \u00c8 il viaggio stesso, tuttavia, che sar\u00e0 impresso [&hellip;]<\/p>\n","protected":false},"author":1,"featured_media":2749,"parent":2971,"menu_order":0,"comment_status":"closed","ping_status":"closed","template":"","meta":[],"yoast_head":"<!-- This site is optimized with the Yoast SEO plugin v19.0 - https:\/\/yoast.com\/wordpress\/plugins\/seo\/ -->\n<title>Parapendio Lefkada | Lefkada Blue\u2122 Appartamenti &amp; Camere Lefkas | Lefkada Rooms to Let<\/title>\n<meta name=\"description\" content=\"Sorvola Lefkada in parapendio. Puoi trovare punti di parapendio sulla spiaggia di Exantheia e Kathisma. Lefkada Blue pu\u00f2 aiutarti ad avere la migliore\" \/>\n<meta name=\"robots\" content=\"index, follow, max-snippet:-1, max-image-preview:large, max-video-preview:-1\" \/>\n<link rel=\"canonical\" href=\"https:\/\/www.lefkadablue.gr\/it\/lefkada\/parapendio-lefkada\/\" \/>\n<meta property=\"og:locale\" content=\"it_IT\" \/>\n<meta property=\"og:type\" content=\"article\" \/>\n<meta property=\"og:title\" content=\"Parapendio Lefkada | Lefkada Blue\u2122 Appartamenti &amp; Camere Lefkas | Lefkada Rooms to Let\" \/>\n<meta property=\"og:description\" content=\"Sorvola Lefkada in parapendio. Puoi trovare punti di parapendio sulla spiaggia di Exantheia e Kathisma. Lefkada Blue pu\u00f2 aiutarti ad avere la migliore\" \/>\n<meta property=\"og:url\" content=\"https:\/\/www.lefkadablue.gr\/it\/lefkada\/parapendio-lefkada\/\" \/>\n<meta property=\"og:site_name\" content=\"Lefkada Blue\u2122 Appartamenti &amp; Camere Lefkas | Lefkada Rooms to Let\" \/>\n<meta property=\"article:modified_time\" content=\"2019-12-04T19:30:15+00:00\" \/>\n<meta property=\"og:image\" content=\"https:\/\/www.lefkadablue.gr\/wp-content\/uploads\/2019\/05\/lefkadablue-lefkada-paragliding-2019.jpeg\" \/>\n\t<meta property=\"og:image:width\" content=\"770\" \/>\n\t<meta property=\"og:image:height\" content=\"500\" \/>\n\t<meta property=\"og:image:type\" content=\"image\/jpeg\" \/>\n<meta name=\"twitter:card\" content=\"summary_large_image\" \/>\n<script type=\"application\/ld+json\" class=\"yoast-schema-graph\">{\"@context\":\"https:\/\/schema.org\",\"@graph\":[{\"@type\":\"Organization\",\"@id\":\"https:\/\/www.lefkadablue.gr\/#organization\",\"name\":\"Lefkada Blue\",\"url\":\"https:\/\/www.lefkadablue.gr\/\",\"sameAs\":[],\"logo\":{\"@type\":\"ImageObject\",\"inLanguage\":\"it-IT\",\"@id\":\"https:\/\/www.lefkadablue.gr\/#\/schema\/logo\/image\/\",\"url\":\"\",\"contentUrl\":\"\",\"caption\":\"Lefkada Blue\"},\"image\":{\"@id\":\"https:\/\/www.lefkadablue.gr\/#\/schema\/logo\/image\/\"}},{\"@type\":\"WebSite\",\"@id\":\"https:\/\/www.lefkadablue.gr\/#website\",\"url\":\"https:\/\/www.lefkadablue.gr\/\",\"name\":\"Lefkada Blue Rooms &amp; Apartments at Lefkada Greece | Best Price Guarantee\",\"description\":\"Lefkada Blue\u2122 Appartamenti & Camere Lefkas | Lefkada Rooms to Let\",\"publisher\":{\"@id\":\"https:\/\/www.lefkadablue.gr\/#organization\"},\"potentialAction\":[{\"@type\":\"SearchAction\",\"target\":{\"@type\":\"EntryPoint\",\"urlTemplate\":\"https:\/\/www.lefkadablue.gr\/?s={search_term_string}\"},\"query-input\":\"required name=search_term_string\"}],\"inLanguage\":\"it-IT\"},{\"@type\":\"ImageObject\",\"inLanguage\":\"it-IT\",\"@id\":\"https:\/\/www.lefkadablue.gr\/it\/lefkada\/parapendio-lefkada\/#primaryimage\",\"url\":\"https:\/\/www.lefkadablue.gr\/wp-content\/uploads\/2019\/05\/lefkadablue-lefkada-paragliding-2019.jpeg\",\"contentUrl\":\"https:\/\/www.lefkadablue.gr\/wp-content\/uploads\/2019\/05\/lefkadablue-lefkada-paragliding-2019.jpeg\",\"width\":770,\"height\":500,\"caption\":\"Lefkada Blue - Paragliding Lefkada Kathisma\"},{\"@type\":\"WebPage\",\"@id\":\"https:\/\/www.lefkadablue.gr\/it\/lefkada\/parapendio-lefkada\/#webpage\",\"url\":\"https:\/\/www.lefkadablue.gr\/it\/lefkada\/parapendio-lefkada\/\",\"name\":\"Parapendio Lefkada | Lefkada Blue\u2122 Appartamenti & Camere Lefkas | Lefkada Rooms to Let\",\"isPartOf\":{\"@id\":\"https:\/\/www.lefkadablue.gr\/#website\"},\"primaryImageOfPage\":{\"@id\":\"https:\/\/www.lefkadablue.gr\/it\/lefkada\/parapendio-lefkada\/#primaryimage\"},\"datePublished\":\"2019-05-11T16:01:17+00:00\",\"dateModified\":\"2019-12-04T19:30:15+00:00\",\"description\":\"Sorvola Lefkada in parapendio. Puoi trovare punti di parapendio sulla spiaggia di Exantheia e Kathisma. Lefkada Blue pu\u00f2 aiutarti ad avere la migliore\",\"breadcrumb\":{\"@id\":\"https:\/\/www.lefkadablue.gr\/it\/lefkada\/parapendio-lefkada\/#breadcrumb\"},\"inLanguage\":\"it-IT\",\"potentialAction\":[{\"@type\":\"ReadAction\",\"target\":[\"https:\/\/www.lefkadablue.gr\/it\/lefkada\/parapendio-lefkada\/\"]}]},{\"@type\":\"BreadcrumbList\",\"@id\":\"https:\/\/www.lefkadablue.gr\/it\/lefkada\/parapendio-lefkada\/#breadcrumb\",\"itemListElement\":[{\"@type\":\"ListItem\",\"position\":1,\"name\":\"Home\",\"item\":\"https:\/\/www.lefkadablue.gr\/it\/\"},{\"@type\":\"ListItem\",\"position\":2,\"name\":\"Lefkada\",\"item\":\"https:\/\/www.lefkadablue.gr\/it\/lefkada\/\"},{\"@type\":\"ListItem\",\"position\":3,\"name\":\"Parapendio Lefkada\"}]}]}<\/script>\n<!-- \/ Yoast SEO plugin. -->","yoast_head_json":{"title":"Parapendio Lefkada | Lefkada Blue\u2122 Appartamenti & Camere Lefkas | Lefkada Rooms to Let","description":"Sorvola Lefkada in parapendio. Puoi trovare punti di parapendio sulla spiaggia di Exantheia e Kathisma. Lefkada Blue pu\u00f2 aiutarti ad avere la migliore","robots":{"index":"index","follow":"follow","max-snippet":"max-snippet:-1","max-image-preview":"max-image-preview:large","max-video-preview":"max-video-preview:-1"},"canonical":"https:\/\/www.lefkadablue.gr\/it\/lefkada\/parapendio-lefkada\/","og_locale":"it_IT","og_type":"article","og_title":"Parapendio Lefkada | Lefkada Blue\u2122 Appartamenti & Camere Lefkas | Lefkada Rooms to Let","og_description":"Sorvola Lefkada in parapendio. Puoi trovare punti di parapendio sulla spiaggia di Exantheia e Kathisma. Lefkada Blue pu\u00f2 aiutarti ad avere la migliore","og_url":"https:\/\/www.lefkadablue.gr\/it\/lefkada\/parapendio-lefkada\/","og_site_name":"Lefkada Blue\u2122 Appartamenti & Camere Lefkas | Lefkada Rooms to Let","article_modified_time":"2019-12-04T19:30:15+00:00","og_image":[{"width":770,"height":500,"url":"https:\/\/www.lefkadablue.gr\/wp-content\/uploads\/2019\/05\/lefkadablue-lefkada-paragliding-2019.jpeg","type":"image\/jpeg"}],"twitter_card":"summary_large_image","schema":{"@context":"https:\/\/schema.org","@graph":[{"@type":"Organization","@id":"https:\/\/www.lefkadablue.gr\/#organization","name":"Lefkada Blue","url":"https:\/\/www.lefkadablue.gr\/","sameAs":[],"logo":{"@type":"ImageObject","inLanguage":"it-IT","@id":"https:\/\/www.lefkadablue.gr\/#\/schema\/logo\/image\/","url":"","contentUrl":"","caption":"Lefkada Blue"},"image":{"@id":"https:\/\/www.lefkadablue.gr\/#\/schema\/logo\/image\/"}},{"@type":"WebSite","@id":"https:\/\/www.lefkadablue.gr\/#website","url":"https:\/\/www.lefkadablue.gr\/","name":"Lefkada Blue Rooms &amp; Apartments at Lefkada Greece | Best Price Guarantee","description":"Lefkada Blue\u2122 Appartamenti & Camere Lefkas | Lefkada Rooms to Let","publisher":{"@id":"https:\/\/www.lefkadablue.gr\/#organization"},"potentialAction":[{"@type":"SearchAction","target":{"@type":"EntryPoint","urlTemplate":"https:\/\/www.lefkadablue.gr\/?s={search_term_string}"},"query-input":"required name=search_term_string"}],"inLanguage":"it-IT"},{"@type":"ImageObject","inLanguage":"it-IT","@id":"https:\/\/www.lefkadablue.gr\/it\/lefkada\/parapendio-lefkada\/#primaryimage","url":"https:\/\/www.lefkadablue.gr\/wp-content\/uploads\/2019\/05\/lefkadablue-lefkada-paragliding-2019.jpeg","contentUrl":"https:\/\/www.lefkadablue.gr\/wp-content\/uploads\/2019\/05\/lefkadablue-lefkada-paragliding-2019.jpeg","width":770,"height":500,"caption":"Lefkada Blue - Paragliding Lefkada Kathisma"},{"@type":"WebPage","@id":"https:\/\/www.lefkadablue.gr\/it\/lefkada\/parapendio-lefkada\/#webpage","url":"https:\/\/www.lefkadablue.gr\/it\/lefkada\/parapendio-lefkada\/","name":"Parapendio Lefkada | Lefkada Blue\u2122 Appartamenti & Camere Lefkas | Lefkada Rooms to Let","isPartOf":{"@id":"https:\/\/www.lefkadablue.gr\/#website"},"primaryImageOfPage":{"@id":"https:\/\/www.lefkadablue.gr\/it\/lefkada\/parapendio-lefkada\/#primaryimage"},"datePublished":"2019-05-11T16:01:17+00:00","dateModified":"2019-12-04T19:30:15+00:00","description":"Sorvola Lefkada in parapendio. Puoi trovare punti di parapendio sulla spiaggia di Exantheia e Kathisma. Lefkada Blue pu\u00f2 aiutarti ad avere la migliore","breadcrumb":{"@id":"https:\/\/www.lefkadablue.gr\/it\/lefkada\/parapendio-lefkada\/#breadcrumb"},"inLanguage":"it-IT","potentialAction":[{"@type":"ReadAction","target":["https:\/\/www.lefkadablue.gr\/it\/lefkada\/parapendio-lefkada\/"]}]},{"@type":"BreadcrumbList","@id":"https:\/\/www.lefkadablue.gr\/it\/lefkada\/parapendio-lefkada\/#breadcrumb","itemListElement":[{"@type":"ListItem","position":1,"name":"Home","item":"https:\/\/www.lefkadablue.gr\/it\/"},{"@type":"ListItem","position":2,"name":"Lefkada","item":"https:\/\/www.lefkadablue.gr\/it\/lefkada\/"},{"@type":"ListItem","position":3,"name":"Parapendio Lefkada"}]}]}},"_links":{"self":[{"href":"https:\/\/www.lefkadablue.gr\/it\/wp-json\/wp\/v2\/pages\/2988"}],"collection":[{"href":"https:\/\/www.lefkadablue.gr\/it\/wp-json\/wp\/v2\/pages"}],"about":[{"href":"https:\/\/www.lefkadablue.gr\/it\/wp-json\/wp\/v2\/types\/page"}],"author":[{"embeddable":true,"href":"https:\/\/www.lefkadablue.gr\/it\/wp-json\/wp\/v2\/users\/1"}],"replies":[{"embeddable":true,"href":"https:\/\/www.lefkadablue.gr\/it\/wp-json\/wp\/v2\/comments?post=2988"}],"version-history":[{"count":2,"href":"https:\/\/www.lefkadablue.gr\/it\/wp-json\/wp\/v2\/pages\/2988\/revisions"}],"predecessor-version":[{"id":2990,"href":"https:\/\/www.lefkadablue.gr\/it\/wp-json\/wp\/v2\/pages\/2988\/revisions\/2990"}],"up":[{"embeddable":true,"href":"https:\/\/www.lefkadablue.gr\/it\/wp-json\/wp\/v2\/pages\/2971"}],"wp:featuredmedia":[{"embeddable":true,"href":"https:\/\/www.lefkadablue.gr\/it\/wp-json\/wp\/v2\/media\/2749"}],"wp:attachment":[{"href":"https:\/\/www.lefkadablue.gr\/it\/wp-json\/wp\/v2\/media?parent=2988"}],"curies":[{"name":"wp","href":"https:\/\/api.w.org\/{rel}","templated":true}]}}